{"id":2,"date":"2022-07-07T14:54:15","date_gmt":"2022-07-07T14:54:15","guid":{"rendered":"https:\/\/www.freewayfranchise.com\/es\/?page_id=2"},"modified":"2025-07-23T13:23:49","modified_gmt":"2025-07-23T18:23:49","slug":"sample-page","status":"publish","type":"page","link":"https:\/\/www.freewayfranchise.com\/es\/","title":{"rendered":"Home"},"content":{"rendered":"\n\n<section class=\"c-section c-section--white\">\n    <div class=\"o-wrapper o-wrapper--large\">\n        <div class=\"c-section__content\">\n                        <div class=\"c-media-block c-media-block--left\">\n                                \n                                    <div class=\"c-media-block__content\">\n                                                    <div class=\"c-media-block__intro-text\"><h3>Oportunidades de franquicia de seguro<\/h3><\/div>\n                                                   \n                            <h2 class=\"c-media-block__title c-media-block__title--blue\">Ofrecemos el mejor precio, mejores opciones y m\u00e1s conveniencia<\/h2>\n                                                                            <h3>Esta es nuestra propuesta: la mejor promesa de servicio al cliente<\/h3>\n                                                <div class=\"s-cms-content\">\n                            Te ayudaremos a cumplir con esa promesa en tu propia franquicia de Freeway Insurance, con soluciones respaldadas por nuestra marca reconocida y nuestro modelo de negocios establecido.\r\n<\/br>\r\n<\/br>\r\nEste modelo de <strong>Franquicia de Seguros<\/strong> ha sido dise\u00f1ado teniendo en mente tanto al due\u00f1o de la franquicia como al cliente final.\r\n<\/br>\r\n<\/br>\r\nTodo lo que hacemos va enfocado en dar el soporte necesario a nuestros due\u00f1os de franquicia, gui\u00e1ndolos a alcanzar el \u00e9xito inmediato. Este modelo les permite servir a sus comunidades con excelencia y soluciones personalizadas en seguros, d\u00e1ndoles un potencial de crecimiento y confianza para lograr una libertad financiera realmente duradera.                        <\/div>\n                                                                    <\/div>\n                    <div class=\"c-media-block__media\">\n                                                <video class=\"c-media-block__video\" preload=\"none\" src=\"https:\/\/www.freewayfranchise.com\/wp-content\/uploads\/2021\/06\/FWY-Franchise-2Min-SPA-V3_1.mp4\" poster=\"https:\/\/www.freewayfranchise.com\/es\/wp-content\/uploads\/2022\/08\/video-de-franquicia-de-seguros-espanol-usa-b.jpg\" width=\"320\" height=\"215\" controls> <\/video>\n                                            <\/div>\n                            <\/div>\n        <\/div>\n    <\/div>\n<\/section>\n\n<section class=\"c-section c-section--light-blue\" id=\"general-features-block_5fca6d0397eefcd4ee7c6bffe3c2e76e\">\n    <div class=\"o-wrapper o-wrapper--large\">\n                                <h2 class=\"c-section__title c-section__title--blue\">\u00bfCu\u00e1les son las ventajas de invertir en una franquicia de seguros?<\/h2>\n                <div class=\"c-section__content\">\n                        <div class=\"c-features\">\n                                <ul class=\"o-list-bare c-features__list c-features__list--one-column\">\n                                                                                                    <li class=\"c-features__item o-list-bare__item\">\n                            <img decoding=\"async\" class=\"c-features__img\" src=\"https:\/\/www.freewayfranchise.com\/es\/wp-content\/uploads\/2022\/07\/Group-625080.svg\" alt=\"\u00cdcono de un edificio de negocios\" title=\"\">\n                                <span class=\"c-features__text \">Un modelo de negocio de seguros establecido<\/span>\n                            <\/li>\n                                                                                <li class=\"c-features__item o-list-bare__item\">\n                            <img decoding=\"async\" class=\"c-features__img\" src=\"https:\/\/www.freewayfranchise.com\/es\/wp-content\/uploads\/2022\/07\/Group-625081.svg\" alt=\"Accesso\" title=\"\">\n                                <span class=\"c-features__text \">Acceso a gran variedad de proveedores de seguros nacionales y regionales<\/span>\n                            <\/li>\n                                                                                <li class=\"c-features__item o-list-bare__item\">\n                            <img decoding=\"async\" class=\"c-features__img\" src=\"https:\/\/www.freewayfranchise.com\/es\/wp-content\/uploads\/2022\/07\/Group-625082.svg\" alt=\"Producto\" title=\"\">\n                                <span class=\"c-features__text \">Gran selecci\u00f3n de opciones en productos de seguros y auxiliares<\/span>\n                            <\/li>\n                                                                                <li class=\"c-features__item o-list-bare__item\">\n                            <img decoding=\"async\" class=\"c-features__img\" src=\"https:\/\/www.freewayfranchise.com\/es\/wp-content\/uploads\/2022\/07\/Group-625083.svg\" alt=\"Anuncio\" title=\"\">\n                                <span class=\"c-features__text \">Marca nacional s\u00f3lida con gran presencia publicitaria<\/span>\n                            <\/li>\n                                                                                <li class=\"c-features__item o-list-bare__item\">\n                            <img decoding=\"async\" class=\"c-features__img\" src=\"https:\/\/www.freewayfranchise.com\/es\/wp-content\/uploads\/2022\/07\/Group-625084.svg\" alt=\"Birrete de graduaci\u00f3n\" title=\"\">\n                                <span class=\"c-features__text \">Entrenamiento integral y de primer nivel<\/span>\n                            <\/li>\n                                                            <\/ul>\n            <\/div>\n        <\/div>\n    <\/div>\n<\/section>\n\n\n\n<section class=\"c-section\">\n    <div class=\"o-wrapper o-wrapper--large\">\n        <div class=\"c-section__content\">\n            <div class=\"c-media-block c-media-block--right\">\n                <div class=\"c-media-block__content\">\n                    <h2 class=\"c-media-block__title c-media-block__title--blue\">Conoce m\u00e1s sobre la industria de franquicias de seguros<\/h2>\n                    <div class=\"c-media-block__intro-text c-media-block__intro-text--black\">\u00bfInteresado en la franquicia Freeway?<\/div>\n                    <h3 class=\"c-media-block__subtitle\">\n                        <strong>Descubre por qu\u00e9 invertir en la industria de los seguros es tu mejor opci\u00f3n<\/strong>\n                    <\/h3>\n                    \n                    <div class=\"s-cms-content\">\n                        <p>Lee nuestro folleto de oportunidades de <strong>franquicias de seguros<\/strong> para que tengas mejor idea sobre las oportunidades de desarrollo.\r\n\r\nSolo haz clic en \u201cDescargar folleto\u201d y por qu\u00e9 Freeway Insurance ha llegado tan r\u00e1pido a la cima. \u00a1El panorama en la industria de seguros es brillante para nuestros franquiciatarios!<\/p>\n                    <\/div>\n                    <div class=\"c-media-block__button\">\n                        <a target=\"_self\" class=\"c-button c-button--linear-blue\" href=\"https:\/\/www.freewayfranchise.com\/es\/e-book-download\/\" rel=\"noopener\">Descargar folleto <span class=\"u-hidden-visually\"> acerca de las ubicaciones de franquicias disponibles ahora!<\/span>\n                        <\/a>\n                    <\/div> \n                <\/div>\n                <picture class=\"c-media-block__img\">\n                                                                <source srcset=\"https:\/\/www.freewayfranchise.com\/es\/wp-content\/uploads\/2023\/04\/franquicia-de-seguros-ebook.webp, https:\/\/www.freewayfranchise.com\/es\/wp-content\/uploads\/2023\/04\/franquicia-de-seguros-ebook.webp 2x\" type=\"image\/webp\">\n                        <img decoding=\"async\" src=\"https:\/\/www.freewayfranchise.com\/es\/wp-content\/uploads\/2023\/04\/franquicia-de-seguros-ebook.webp\" alt=\"franquicia-de-seguros-ebook\" loading=\"lazy\" width=\"600\" height=\"354\" title=\"\">\n                                    <\/picture>\n            <\/div>\n        <\/div>\n    <\/div>\n<\/section>\n\n\n\n<section class=\"c-section c-section--light-blue\">\n    <div class=\"o-wrapper o-wrapper--large\">\n        <div class=\"c-section__content\">\n                        <div class=\"c-media-block c-media-block--left\">\n                                \n                                    <div class=\"c-media-block__content\">\n                                                   \n                            <h2 class=\"c-media-block__title c-media-block__title--blue\">Historias de \u00e9xito de due\u00f1os de franquicias<\/h2>\n                                                                        <div class=\"s-cms-content\">\n                            Conoce de primera mano las experiencias y logros de nuestros due\u00f1os de franquicia. Sus historias comprueban la eficacia de nuestro modelo de negocio y el respaldo que brindamos. Esperamos que sus testimonios te den informaci\u00f3n e inspiren, conforme exploras esta oportunidad.                        <\/div>\n                                                                                                        <div class=\"c-media-block__button\">\n                                <a target=\"_self\" class=\"c-button c-button--linear-blue\" href=\"https:\/\/www.freewayfranchise.com\/es\/testimonios\/\">Ver m\u00e1s <span class=\"u-hidden-visually\"> about Franchise Locations Available Now!<\/span>\n                                <\/a>\n                            <\/div>\n                                            <\/div>\n                    <div class=\"c-media-block__media\">\n                                                <video class=\"c-media-block__video\" preload=\"none\" src=\"https:\/\/cdn.confie.com\/videos\/saul-machado-interview-cut-1-kate_spanish_subs.mp4\" poster=\"https:\/\/www.freewayfranchise.com\/es\/wp-content\/uploads\/2025\/01\/FWY-NA-HOMEFRANCHISETESTIMONIOSPAGINA-1569803206-Op1-V1-01-06-25-01.png\" width=\"320\" height=\"215\" controls> <\/video>\n                                            <\/div>\n                            <\/div>\n        <\/div>\n    <\/div>\n<\/section>\n\n\n\n<section class=\"c-section c-section--white\">\n    <div class=\"o-wrapper o-wrapper--large\">\n        <div class=\"c-section__content\">\n                        <div class=\"c-media-block c-media-block--left\">\n                                \n                                    <div class=\"c-media-block__content\">\n                        \n                                                                            <h2 class=\"c-media-block__title c-media-block__title--blue\">\u00a1Tenemos ubicaciones disponibles!<\/h2>\n                                                                        <div class=\"s-cms-content\">\n                            Con m\u00e1s de 600 locales en todo Estados Unidos, Freeway se sigue expandiendo a <strong>nuevos mercados en todo Estados Unidos<\/strong>. Si buscas aliarte con una compa\u00f1\u00eda de seguros respetada y ofrecer seguros accesibles a los conductores de tu comunidad te parece valioso, este es tu lugar. Adquiere tu <strong>franquicia de seguros<\/strong> de la mano de los profesionales.                        <\/div>\n                                                                            <div class=\"c-media-block__button\">\n                                                                <a target=\"_self\" class=\"c-button c-button--linear-blue\" href=\"https:\/\/www.freewayfranchise.com\/es\/mercados-listos-para-tu-franquicia\/\">Ubicaciones Disponibles <span class=\"u-hidden-visually\"> acerca de las ubicaciones de franquicias disponibles ahora!<\/span>\n                                <\/a>\n                            <\/div>\n                                            <\/div>\n                    <picture class=\"c-media-block__img\">\n                                                                            <source srcset=\"https:\/\/www.freewayfranchise.com\/es\/wp-content\/uploads\/2024\/04\/freeway-franchise-map.svg, https:\/\/www.freewayfranchise.com\/es\/wp-content\/uploads\/2024\/04\/freeway-franchise-map.svg 2x\" type=\"image\/webp\">\n                            <img decoding=\"async\" src=\"https:\/\/www.freewayfranchise.com\/es\/wp-content\/uploads\/2024\/04\/freeway-franchise-map.svg\" alt=\"\" loading=\"lazy\" width=\"320\" height=\"183\" title=\"\">\n                                            <\/picture>\n                            <\/div>\n        <\/div>\n    <\/div>\n<\/section>\n\n<section class=\"c-section\" id=\"general-facts-block_02d2f8f18de8c0602bc4d9f6364ee791\">\n    <div class=\"o-wrapper o-wrapper--large\">\n                <h2 class=\"c-section__title c-section__title--blue\">Abriendo camino en una industria din\u00e1mica<\/h2>\n        <div class=\"c-section__content\">\n            <div class=\"c-facts\">\n                                                        <div class=\"c-facts__item\">\n                        <h3 class=\"c-facts__title c-facts__title--blue-green\">$1.3 billones<\/h3>\n                        <p class=\"c-facts__text\">En primas contratadas en Estados Unidos, del 2009 al 2019<\/p>\n                    <\/div>\n                                        <div class=\"c-facts__item\">\n                        <h3 class=\"c-facts__title c-facts__title--orange\">$699 mil millones<\/h3>\n                        <p class=\"c-facts__text\">El valor total de la industria de seguros de propiedad y accidentes en Estados Unidos<\/p>\n                    <\/div>\n                                        <div class=\"c-facts__item\">\n                        <h3 class=\"c-facts__title c-facts__title--green\">6 millones<\/h3>\n                        <p class=\"c-facts__text\">De accidentes de auto cada a\u00f1o<\/p>\n                    <\/div>\n                                                <\/div>\n                                            <div class=\"c-section__controls c-section__controls--center\">\n                    <a class=\"c-button c-button--linear-blue\" href=\"https:\/\/www.freewayfranchise.com\/es\/oportunidades\/\">\n                        <span class=\"u-hidden-visually\">Conoce m\u00e1s <\/span> Conoce m\u00e1s                    <\/a>\n                <\/div>\n                    <\/div>\n    <\/div>\n<\/section>\n\n\n\n<section class=\"c-section c-section--light-blue\">\n    <div class=\"o-wrapper o-wrapper--large\">\n        <div class=\"c-section__content\">\n                        <div class=\"c-media-block c-media-block--right\">\n                                \n                                    <div class=\"c-media-block__content\">\n                        \n                                                                            <h2 class=\"c-media-block__title c-media-block__title--blue\">Una inversi\u00f3n de la que puedes estar orgulloso<\/h2>\n                                                                        <div class=\"s-cms-content\">\n                            Si eres alguien con la iniciativa de dar el mejor servicio a sus clientes y a su comunidad, invertir en una franquicia de Freeway Insurance puede ser lo mejor para ti. Buscamos a emprendedores entusiastas, apasionados por superar las expectativas de los clientes.\r\n<h3><a href=\"https:\/\/www.freewayfranchise.com\/es\/empieza-ahora\/\">\u00a1No esperes m\u00e1s y abre tu franquicia junto a nosotros!<\/a><\/h3>                        <\/div>\n                                                                    <\/div>\n                    <picture class=\"c-media-block__img\">\n                                                                            <source srcset=\"https:\/\/www.freewayfranchise.com\/es\/wp-content\/uploads\/2022\/07\/Group-625079.svg, https:\/\/www.freewayfranchise.com\/es\/wp-content\/uploads\/2022\/07\/Group-625079.svg 2x\" type=\"image\/webp\">\n                            <img decoding=\"async\" src=\"https:\/\/www.freewayfranchise.com\/es\/wp-content\/uploads\/2022\/07\/Group-625079.svg\" alt=\"Agencia de franquicia de seguros\" loading=\"lazy\" width=\"320\" height=\"183\" title=\"\">\n                                            <\/picture>\n                            <\/div>\n        <\/div>\n    <\/div>\n<\/section>\n\n<section class=\"c-section\">\n    <div class=\"o-wrapper o-wrapper--large\">\n                    <h2 class=\"c-section__title c-section__title--blue\">\u00bfQu\u00e9 debo hacer para abrir una franquicia de aseguranza?<\/h2>\n                <div class=\"c-section__content\">\n            <div class=\"c-step\">\n                <div class=\"c-step__list o-list-bare\">\n                                                                                                                                                <div class=\"c-step__item o-list-bare__item\">\n                                <div class=\"c-step__img\">\n                                    <img loading=\"lazy\" decoding=\"async\" src=\"https:\/\/www.freewayfranchise.com\/es\/wp-content\/uploads\/2022\/07\/Group-625012.svg\" alt=\"Solicitud\" width=\"60\" height=\"60\" title=\"\">\n                                <\/div>\n                                <div class=\"c-step__text\">Env\u00eda tu solicitud<\/div>\n                            <\/div>\n                                                                                                                                <div class=\"c-step__item c-step__item--icon o-list-bare__item\">\n                                <span class=\"o-icon c-step__icon\"><svg aria-hidden=\"true\" focusable=\"false\" role=\"img\"><use xlink:href=\"https:\/\/www.freewayfranchise.com\/es\/wp-content\/themes\/franchise\/assets\/html\/images\/icons\/icons.svg#icon-chevron-right\"><\/use><\/svg><\/span>\n                            <\/div>\n                                                    <div class=\"c-step__item o-list-bare__item\">\n                                <div class=\"c-step__img\">\n                                    <img loading=\"lazy\" decoding=\"async\" src=\"https:\/\/www.freewayfranchise.com\/es\/wp-content\/uploads\/2022\/07\/Group-625008.svg\" alt=\"\u00cdcono de equipo\" width=\"60\" height=\"60\" title=\"\">\n                                <\/div>\n                                <div class=\"c-step__text\">Re\u00fanete con el equipo de Freeway<\/div>\n                            <\/div>\n                                                                                                                                <div class=\"c-step__item c-step__item--icon o-list-bare__item\">\n                                <span class=\"o-icon c-step__icon\"><svg aria-hidden=\"true\" focusable=\"false\" role=\"img\"><use xlink:href=\"https:\/\/www.freewayfranchise.com\/es\/wp-content\/themes\/franchise\/assets\/html\/images\/icons\/icons.svg#icon-chevron-right\"><\/use><\/svg><\/span>\n                            <\/div>\n                                                    <div class=\"c-step__item o-list-bare__item\">\n                                <div class=\"c-step__img\">\n                                    <img loading=\"lazy\" decoding=\"async\" src=\"https:\/\/www.freewayfranchise.com\/es\/wp-content\/uploads\/2022\/07\/Group-625009.svg\" alt=\"Registro\" width=\"60\" height=\"60\" title=\"\">\n                                <\/div>\n                                <div class=\"c-step__text\">Firma el acuerdo de franquicia<\/div>\n                            <\/div>\n                                                                                                                                <div class=\"c-step__item c-step__item--icon o-list-bare__item\">\n                                <span class=\"o-icon c-step__icon\"><svg aria-hidden=\"true\" focusable=\"false\" role=\"img\"><use xlink:href=\"https:\/\/www.freewayfranchise.com\/es\/wp-content\/themes\/franchise\/assets\/html\/images\/icons\/icons.svg#icon-chevron-right\"><\/use><\/svg><\/span>\n                            <\/div>\n                                                    <div class=\"c-step__item o-list-bare__item\">\n                                <div class=\"c-step__img\">\n                                    <img loading=\"lazy\" decoding=\"async\" src=\"https:\/\/www.freewayfranchise.com\/es\/wp-content\/uploads\/2022\/07\/Group-625011.svg\" alt=\"\u00cdcono rosa de un edificio\" width=\"60\" height=\"60\" title=\"\">\n                                <\/div>\n                                <div class=\"c-step__text\">Comienza el proceso de selecci\u00f3n de ubicaci\u00f3n<\/div>\n                            <\/div>\n                                                                            \n                                    <\/div>\n                                \n            <\/div>\n                    <\/div>\n    <\/div>\n<\/section>\n\n\n\n<section class=\"c-section c-section--light-blue\">\n    <div class=\"o-wrapper o-wrapper--large\">\n        <div class=\"c-section__content\">\n            <div class=\"c-quote\">\n                <picture class=\"c-quote__img o-crop o-crop--fill\">\n                                        <source srcset=\"https:\/\/www.freewayfranchise.com\/es\/wp-content\/uploads\/2022\/07\/ima-form.webp, https:\/\/www.freewayfranchise.com\/es\/wp-content\/uploads\/2022\/07\/ima-form@2x.webp\" type=\"image\/webp\">\n                    <img decoding=\"async\" class=\"o-crop__content o-crop__content--center\" loading=\"lazy\" src=\"https:\/\/www.freewayfranchise.com\/es\/wp-content\/uploads\/2022\/07\/ima-form.webp\" alt=\"Un representante de seguros de franquicias\" width=\"220\" height=\"218\" title=\"\">\n                <\/picture>\n                <div class=\"c-quote__content\">\n                    <h2 class=\"c-quote__title\">\u00bfListo para abrir tu propia oficina de Freeway Insurance?<\/h2>\n                    <div class=\"s-cms-content\">\n                        <p>Si te interesa la marca Freeway Insurance y buscas un negocio flexible y bien respaldado en un nicho gratificante de la siempre din\u00e1mica industria de los seguros, cont\u00e1ctanos.<\/p>\n                    <\/div>\n                                                                <div class=\"c-section__controls\">\n                        <a class=\"c-button c-button--orange\" href=\"https:\/\/www.freewayfranchise.com\/es\/empieza-ahora\/\">\n                            <span class=\"u-hidden-visually\">\u00a1Comienza ahora! <\/span> \u00a1Comienza ahora!                        <\/a>\n                    <\/div>\n                                    <\/div>\n            <\/div>\n        <\/div>\n    <\/div>\n<\/section>\n\n<div class=\"c-faq-banner \">\n    <div class=\"o-wrapper o-wrapper--large\">\n        <div class=\"c-faq-banner__content\">\n                            <div class=\"c-faq-banner__image\">\n                                            <img decoding=\"async\" loading=\"lazy\" src=\"https:\/\/www.freewayfranchise.com\/es\/wp-content\/uploads\/2022\/07\/faqs.svg\" alt=\"\u00cdcono de preguntas frecuentes\" width=\"220\" height=\"132\" title=\"\">\n                                    <\/div>\n                        <h2 class=\"c-faq-banner__title\">Si tienes preguntas, tenemos las respuestas<\/h2>\n                            <div class=\"c-faq-banner__controls\">\n                    <a class=\"c-button c-button--linear-blue\" href=\"https:\/\/www.freewayfranchise.com\/es\/preguntas-frecuentes\/\">Preguntas Frecuentes <span class=\"u-hidden-visually\">Preguntas Frecuentes<\/span>\n                    <\/a>\n                <\/div>\n                    <\/div>\n    <\/div>\n<\/div>","protected":false},"excerpt":{"rendered":"","protected":false},"author":1,"featured_media":0,"parent":0,"menu_order":0,"comment_status":"closed","ping_status":"open","template":"template-parts\/template-home.php","meta":{"_acf_changed":false,"rank_math_lock_modified_date":false,"inline_featured_image":false,"footnotes":""},"class_list":["post-2","page","type-page","status-publish","hentry"],"acf":[],"_links":{"self":[{"href":"https:\/\/www.freewayfranchise.com\/es\/wp-json\/wp\/v2\/pages\/2"}],"collection":[{"href":"https:\/\/www.freewayfranchise.com\/es\/wp-json\/wp\/v2\/pages"}],"about":[{"href":"https:\/\/www.freewayfranchise.com\/es\/wp-json\/wp\/v2\/types\/page"}],"author":[{"embeddable":true,"href":"https:\/\/www.freewayfranchise.com\/es\/wp-json\/wp\/v2\/users\/1"}],"replies":[{"embeddable":true,"href":"https:\/\/www.freewayfranchise.com\/es\/wp-json\/wp\/v2\/comments?post=2"}],"version-history":[{"count":110,"href":"https:\/\/www.freewayfranchise.com\/es\/wp-json\/wp\/v2\/pages\/2\/revisions"}],"predecessor-version":[{"id":926,"href":"https:\/\/www.freewayfranchise.com\/es\/wp-json\/wp\/v2\/pages\/2\/revisions\/926"}],"wp:attachment":[{"href":"https:\/\/www.freewayfranchise.com\/es\/wp-json\/wp\/v2\/media?parent=2"}],"curies":[{"name":"wp","href":"https:\/\/api.w.org\/{rel}","templated":true}]}}