{"id":224,"date":"2022-07-12T04:45:21","date_gmt":"2022-07-12T04:45:21","guid":{"rendered":"https:\/\/www.freewayfranchise.com\/es\/?page_id=224"},"modified":"2025-05-15T13:51:41","modified_gmt":"2025-05-15T18:51:41","slug":"marketing","status":"publish","type":"page","link":"https:\/\/www.freewayfranchise.com\/es\/soporte\/marketing\/","title":{"rendered":"Marketing"},"content":{"rendered":"<div class=\"c-hero-simple js-pass-to-show-quote-button\" id=\"general-simple-hero-block_62ccfc6cdf5fc\">\n    <div class=\"c-hero-simple__content o-wrapper o-wrapper--large\">\n                    <h1 class=\"c-hero-simple__title\">Marketing para Franquicias<\/h1>\n                            <p class=\"c-hero-simple__text\">Una industria con millones de d\u00f3lares en presupuesto para marketing<\/p>\n                        <div class=\"c-hero-simple__controls\">\n            <a class=\"c-button c-button--orange\" href=\"https:\/\/www.freewayfranchise.com\/es\/empieza-ahora\/\">Solicita m\u00e1s informaci\u00f3n<\/a>\n        <\/div>\n            <\/div>\n    <div class=\"c-hero-simple__content-img\">\n                <picture class=\"c-hero-simple__pic\">\n                                        <source srcset=\"https:\/\/www.freewayfranchise.com\/es\/wp-content\/uploads\/2022\/07\/2-2.webp, https:\/\/www.freewayfranchise.com\/es\/wp-content\/uploads\/2022\/07\/22x-scaled-1.webp\" type=\"image\/webp\" media=\"(min-width: 700px)\" \/>\n                <source srcset=\"https:\/\/www.freewayfranchise.com\/es\/wp-content\/uploads\/2022\/07\/Mask-Group-2.webp, https:\/\/www.freewayfranchise.com\/es\/wp-content\/uploads\/2022\/07\/Mask-Group@2x-2.webp\" type=\"image\/webp\" \/>\n                <img decoding=\"async\" class=\"c-hero-simple__img\" loading=\"lazy\" src=\"https:\/\/www.freewayfranchise.com\/es\/wp-content\/uploads\/2022\/07\/2-2.webp\" alt=\"\" title=\"\">\n                    <\/picture>\n    <\/div>\n<\/div>\n\n\n\n<section class=\"c-section c-section--white\">\n    <div class=\"o-wrapper o-wrapper--large\">\n        <div class=\"c-section__content\">\n                        <div class=\"c-media-block c-media-block--left\">\n                                \n                                    <div class=\"c-media-block__content\">\n                        \n                                                                            <h2 class=\"c-media-block__title c-media-block__title--blue\">La mejor marca y el marketing m\u00e1s poderoso<\/h2>\n                                                                        <div class=\"s-cms-content\">\n                            Te ayudaremos a cumplir esa meta de tener tu propia franquicia de Freeway Insurance, con soluciones respaldadas por nuestra marca reconocida y nuestro modelo de negocio de franquicias establecidas.                        <\/div>\n                                                                    <\/div>\n                    <picture class=\"c-media-block__img\">\n                                                                            <source srcset=\"https:\/\/www.freewayfranchise.com\/es\/wp-content\/uploads\/2022\/07\/Mockup-01-1.webp, https:\/\/www.freewayfranchise.com\/es\/wp-content\/uploads\/2022\/07\/Mockup-01-1@2x.webp 2x\" type=\"image\/webp\">\n                            <img decoding=\"async\" src=\"https:\/\/www.freewayfranchise.com\/es\/wp-content\/uploads\/2022\/07\/Mockup-01-1.webp\" alt=\"Marketing para Franquicias\" loading=\"lazy\" width=\"320\" height=\"183\" title=\"\">\n                                            <\/picture>\n                            <\/div>\n        <\/div>\n    <\/div>\n<\/section>\n\n\n\n<section class=\"c-section c-section--light-blue\">\n    <div class=\"o-wrapper o-wrapper--large\">\n        <div class=\"c-section__content\">\n                        <div class=\"c-media-block c-media-block--right\">\n                                \n                                    <div class=\"c-media-block__content\">\n                                                   \n                            <h2 class=\"c-media-block__title c-media-block__title--blue\">Liderazgo comprobado entre la comunidad hispana<\/h2>\n                                                                        <div class=\"s-cms-content\">\n                            La mitad de nuestros clientes son hispanos y toda nuestra publicidad es biling\u00fce. Por casi cuatro d\u00e9cadas, esto es lo que nos ha vuelto una compa\u00f1\u00eda l\u00edder en la creciente <a href=\"https:\/\/www.freewayfranchise.com\/es\/blog\/negocios-online-exitosos-en-eeuu-para-hispanos\/\">comunidad hispana<\/a>.                        <\/div>\n                                                    <div class=\"c-channels\">\n                                <div class=\"c-channels__wrapper\">\n                                                                                                                    <div class=\"c-channels__img\">\n                                            <img decoding=\"async\" src=\"https:\/\/www.freewayfranchise.com\/es\/wp-content\/uploads\/2022\/07\/logo-univision.svg\" alt=\"\" width=\"auto\" height=\"auto\" title=\"\">\n                                        <\/div>\n                                                                                                                    <div class=\"c-channels__img\">\n                                            <img decoding=\"async\" src=\"https:\/\/www.freewayfranchise.com\/es\/wp-content\/uploads\/2022\/07\/logo-telemundo.svg\" alt=\"\" width=\"auto\" height=\"auto\" title=\"\">\n                                        <\/div>\n                                                                                                                    <div class=\"c-channels__img\">\n                                            <img decoding=\"async\" src=\"https:\/\/www.freewayfranchise.com\/es\/wp-content\/uploads\/2022\/07\/logo-nbc.svg\" alt=\"\" width=\"auto\" height=\"auto\" title=\"\">\n                                        <\/div>\n                                                                                                                    <div class=\"c-channels__img\">\n                                            <img decoding=\"async\" src=\"https:\/\/www.freewayfranchise.com\/es\/wp-content\/uploads\/2022\/07\/logo-ktla5.svg\" alt=\"\" width=\"auto\" height=\"auto\" title=\"\">\n                                        <\/div>\n                                                                    <\/div>\n                            <\/div>\n                                                                    <\/div>\n                    <div class=\"c-media-block__media\">\n                                                <video class=\"c-media-block__video\" preload=\"none\" src=\"https:\/\/www.freewayfranchise.com\/wp-content\/uploads\/2022\/05\/Freeway-franchise-marketing-spanish.mp4\" poster=\"https:\/\/www.freewayfranchise.com\/es\/wp-content\/uploads\/2022\/07\/video-de-mercadeo-de-franquicia-de-seguros-espanol-usa-b.jpg\" width=\"320\" height=\"215\" controls> <\/video>\n                                            <\/div>\n                            <\/div>\n        <\/div>\n    <\/div>\n<\/section>\n\n\n\n<section class=\"c-section c-section--white\">\n    <div class=\"o-wrapper o-wrapper--large\">\n        <div class=\"c-section__content\">\n                        <div class=\"c-media-block c-media-block--right\">\n                                \n                                    <div class=\"c-media-block__content\">\n                        \n                                                                            <h2 class=\"c-media-block__title c-media-block__title--blue\">Soporte digital para un mundo digital: Marketing para Franquicias Efectivo<\/h2>\n                                                                        <div class=\"s-cms-content\">\n                            Gracias a nuestra <a href=\"https:\/\/www.freeway.com\/newsroom\/\" target=\"_blank\" rel=\"noopener\">gran presencia en l\u00ednea<\/a>, nuestros clientes pueden comprarte un seguro con tan solo un clic. No importa si usan computadora, tel\u00e9fono o tableta, nosotros te ayudamos a encontrar a tus clientes.                        <\/div>\n                                                                    <\/div>\n                    <picture class=\"c-media-block__img\">\n                                                                            <source srcset=\"https:\/\/www.freewayfranchise.com\/es\/wp-content\/uploads\/2022\/07\/Mockup-02-1.webp, https:\/\/www.freewayfranchise.com\/es\/wp-content\/uploads\/2022\/07\/Mockup-02-1@2x.webp 2x\" type=\"image\/webp\">\n                            <img decoding=\"async\" src=\"https:\/\/www.freewayfranchise.com\/es\/wp-content\/uploads\/2022\/07\/Mockup-02-1.webp\" alt=\"\" loading=\"lazy\" width=\"320\" height=\"183\" title=\"\">\n                                            <\/picture>\n                            <\/div>\n        <\/div>\n    <\/div>\n<\/section>\n\n\n<section class=\"c-section c-section--light-blue\">\n    <div class=\"o-wrapper o-wrapper--large\">\n        <div class=\"c-section__content\">\n            <div class=\"c-quote\">\n                <picture class=\"c-quote__img o-crop o-crop--fill\">\n                                        <source srcset=\"https:\/\/www.freewayfranchise.com\/es\/wp-content\/uploads\/2022\/07\/ima-form-2.webp, https:\/\/www.freewayfranchise.com\/es\/wp-content\/uploads\/2022\/07\/ima-form@2x-2.webp\" type=\"image\/webp\">\n                    <img decoding=\"async\" class=\"o-crop__content o-crop__content--center\" loading=\"lazy\" src=\"https:\/\/www.freewayfranchise.com\/es\/wp-content\/uploads\/2022\/07\/ima-form-2.webp\" alt=\"Agente de franquicias de Freeway Insurance\" width=\"220\" height=\"218\" title=\"\">\n                <\/picture>\n                <div class=\"c-quote__content\">\n                    <h2 class=\"c-quote__title\">\u00bfListo para abrir tu propia oficina de Freeway Insurance?<\/h2>\n                    <div class=\"s-cms-content\">\n                        <p>Si la marca Freeway Insurance realmente te convence y buscas emprender un negocio flexible y con gran soporte, dentro de un gratificante nicho dentro de la siempre din\u00e1mica industria de los seguros, es momento de contactarnos.<\/p>\n                    <\/div>\n                                                                <div class=\"c-section__controls\">\n                        <a class=\"c-button c-button--orange\" href=\"https:\/\/www.freewayfranchise.com\/es\/empieza-ahora\/\">\n                            <span class=\"u-hidden-visually\">Empieza hoy mismo  <\/span> Empieza hoy mismo                         <\/a>\n                    <\/div>\n                                    <\/div>\n            <\/div>\n        <\/div>\n    <\/div>\n<\/section>","protected":false},"excerpt":{"rendered":"","protected":false},"author":1,"featured_media":0,"parent":162,"menu_order":0,"comment_status":"closed","ping_status":"closed","template":"","meta":{"_acf_changed":false,"rank_math_lock_modified_date":false,"footnotes":""},"class_list":["post-224","page","type-page","status-publish","hentry"],"acf":[],"_links":{"self":[{"href":"https:\/\/www.freewayfranchise.com\/es\/wp-json\/wp\/v2\/pages\/224"}],"collection":[{"href":"https:\/\/www.freewayfranchise.com\/es\/wp-json\/wp\/v2\/pages"}],"about":[{"href":"https:\/\/www.freewayfranchise.com\/es\/wp-json\/wp\/v2\/types\/page"}],"author":[{"embeddable":true,"href":"https:\/\/www.freewayfranchise.com\/es\/wp-json\/wp\/v2\/users\/1"}],"replies":[{"embeddable":true,"href":"https:\/\/www.freewayfranchise.com\/es\/wp-json\/wp\/v2\/comments?post=224"}],"version-history":[{"count":25,"href":"https:\/\/www.freewayfranchise.com\/es\/wp-json\/wp\/v2\/pages\/224\/revisions"}],"predecessor-version":[{"id":734,"href":"https:\/\/www.freewayfranchise.com\/es\/wp-json\/wp\/v2\/pages\/224\/revisions\/734"}],"up":[{"embeddable":true,"href":"https:\/\/www.freewayfranchise.com\/es\/wp-json\/wp\/v2\/pages\/162"}],"wp:attachment":[{"href":"https:\/\/www.freewayfranchise.com\/es\/wp-json\/wp\/v2\/media?parent=224"}],"curies":[{"name":"wp","href":"https:\/\/api.w.org\/{rel}","templated":true}]}}